{"id":84,"date":"2014-10-27T01:57:01","date_gmt":"2014-10-26T23:57:01","guid":{"rendered":"http:\/\/poker-assassins-spandau.de\/?page_id=84"},"modified":"2017-03-12T23:28:50","modified_gmt":"2017-03-12T21:28:50","slug":"erfolge-2","status":"publish","type":"page","link":"http:\/\/poker-assassins-spandau.de\/?page_id=84","title":{"rendered":"Erfolge"},"content":{"rendered":"<p>_______________________________________________________________________________________<\/p>\n<h2 style=\"text-align: center;\"><strong><span style=\"color: #800000;\">26.02.2017 Poker Verband Berlin 1. Spieltag Liga &#8222;King&#8220;<br \/>\n<\/span><\/strong><\/h2>\n<p>Die Poker Assassins Spandau sind heute bombenm\u00e4ssig in die Liga King gestartet . 3 Tischsiege und 3 Punkte vom Captain haben zu einem Rekordergebnis gef\u00fchrt . Danke Jungs ihr seit gro\u00dfartig. Damit verdeutlichen die Assassins wohin es in dieser Saison im Veband des PVB gehen soll, an die Spitze der Liga <a href=\"http:\/\/poker-assassins-spandau.de\/?page_id=204\">King<\/a>.<\/p>\n<p><a href=\"http:\/\/poker-assassins-spandau.de\/wp-content\/uploads\/2017\/03\/Danny.jpg\" target=\"_blank\"><img decoding=\"async\" loading=\"lazy\" class=\"wp-image-877 size-thumbnail alignleft\" src=\"http:\/\/poker-assassins-spandau.de\/wp-content\/uploads\/2017\/03\/Danny-150x150.jpg\" alt=\"\" width=\"150\" height=\"150\" \/><\/a><a href=\"http:\/\/poker-assassins-spandau.de\/wp-content\/uploads\/2017\/03\/Markus.jpg\" target=\"_blank\"><img decoding=\"async\" loading=\"lazy\" class=\"wp-image-878 size-thumbnail alignleft\" src=\"http:\/\/poker-assassins-spandau.de\/wp-content\/uploads\/2017\/03\/Markus-150x150.jpg\" alt=\"\" width=\"150\" height=\"150\" \/><\/a><a href=\"http:\/\/poker-assassins-spandau.de\/wp-content\/uploads\/2017\/03\/Jens-2.jpg\" target=\"_blank\"><img decoding=\"async\" loading=\"lazy\" class=\"wp-image-879 size-thumbnail alignleft\" src=\"http:\/\/poker-assassins-spandau.de\/wp-content\/uploads\/2017\/03\/Jens-2-150x150.jpg\" alt=\"\" width=\"150\" height=\"150\" \/><\/a><a href=\"http:\/\/poker-assassins-spandau.de\/wp-content\/uploads\/2017\/03\/Team.jpg\" target=\"_blank\"><img decoding=\"async\" loading=\"lazy\" class=\"wp-image-880 size-thumbnail alignleft\" src=\"http:\/\/poker-assassins-spandau.de\/wp-content\/uploads\/2017\/03\/Team-150x150.jpg\" alt=\"\" width=\"150\" height=\"150\" \/><\/a><\/p>\n<p>&nbsp;<\/p>\n<p>&nbsp;<\/p>\n<p>&nbsp;<\/p>\n<h6 style=\"text-align: left;\">Quellen: (Text\/Fotos: Sandy L\u00fcdke https:\/\/www.facebook.com\/groups\/132995126819713\/(21:49 Uhr 12.03.2017)),(Fotos: Uwe Vietor https:\/\/www.facebook.com\/groups\/PVB.Mitgliederforum\/(21:51 Uhr 13.03.2017))<\/h6>\n<p>_______________________________________________________________________________________<\/p>\n<h2 class=\"entry-title\"><span style=\"color: #800000;\">ChampionsTable und LadysTable 2016 am 28.01.2017<\/span><\/h2>\n<div class=\"entry-content\">\n<p>Saisonabschluss 28.01.2017 in der Stadtrandsch\u00e4nke in Spandau<\/p>\n<p>Am 28.01.2017 fand in der Stadtrandsch\u00e4nke in Spandau der allj\u00e4hrliche Saisonabschluss 2016 mit Championstable und Ladystable als zentralen Events statt. Vielen Dank an Angela und Team, die F\u00f6rderer und Sponsoren, die flei\u00dfigen Helfer bei der Vorbereitung, die Dealer und Floorm\u00e4nner, Marcel als DJ und Moderator und nat\u00fcrlich an alle Spieler, die f\u00fcr den w\u00fcrdigen Rahmen gesorgt haben, ohne all diese Personen w\u00e4re das Event nicht m\u00f6glich gewesen.<\/p>\n<p>Die PVB-Vereine hatten ihre besten Damen und Herren geschickt, die untereinander ihren Champion ermitteln sollten. Daneben spielten viele Teilnehmer im Side-Event um die begehrten Tickets f\u00fcr das King\u2018s. In den Spielpausen erfolgten die zahlreichen Siegerehrungen, neben Ruhm und Ehre sollten Pokale und Urkunden der Lohn f\u00fcr die Erfolge der Vorsaison und gleichzeitig Ansporn f\u00fcr die neue Saison sein.<\/p>\n<p>Die Platzierungen der Vorsaison k\u00f6nnen auf der PVB-Seite nachgelesen werden, an dieser Stelle sei aber nochmals herzlich dem Team Black Bullets gratuliert, das den Berliner Meistertitel bereits das zweite mal errungen hat, dies in einem spannenden Saisonfinale knapp vor dem Team Magic Card Gold und daf\u00fcr verdient den Meisterpokal entgegennehmen konnte.<\/p>\n<p>Im Side-Event wurde bis Mitternacht gek\u00e4mpft. Am Ende sicherten sich Thomas Mellerke von den Poker Assassins Spandau (3.), Marc Lehmann von den Pokershark\u00b4s FC Nordost (2.) und Sven Hock vom Fairplay Pokerclub (1.) die Pl\u00e4tze auf dem Podest.<\/p>\n<p>Am Ladiestable herrschte ein spielerisch sehr hohes Niveau. Letztlich konnte Sophia \u201ePokerhontas\u201c Wei\u00dfbach von den Black Bullets Berlin mit sehr aktivem Spiel den Titel vor der Vorjahressiegerin Daniela \u201eDani\u201c Martens von den Pocket Rockets Berlin e.V. erringen. Am Championstable zog f\u00fcr einige etwas \u00fcberraschend der Tischsenior Siegfried \u201eSiggi\u201c Gie\u00dfler von den Raisin` Titans e.V. einsam seine Bahnen. Er sorgte mit seinem kompromisslosen Spiel und dem n\u00f6tigen Kartengl\u00fcck fast alleine f\u00fcr die Bustouts und lie\u00df den Mitspielern an diesem Tag keine Chance. Im HeadsUp setzte er sich mit AQ vs. A9 gegen Jens \u201eder Jenne\u201c Dietz von den Poker Assassins Spandau durch.<\/p>\n<p>Herzlichen Gl\u00fcckwunsch an die Titeltr\u00e4ger und Platzierten, wir freuen uns auf die kommende Saison!<\/p>\n<p><a href=\"http:\/\/poker-assassins-spandau.de\/wp-content\/uploads\/2017\/03\/16463752_1145972222191997_2046175066513111924_o.jpg\" target=\"_blank\"><img decoding=\"async\" loading=\"lazy\" class=\"wp-image-871 size-thumbnail alignleft\" src=\"http:\/\/poker-assassins-spandau.de\/wp-content\/uploads\/2017\/03\/16463752_1145972222191997_2046175066513111924_o-150x150.jpg\" alt=\"\" width=\"150\" height=\"150\" \/><\/a><a href=\"http:\/\/poker-assassins-spandau.de\/wp-content\/uploads\/2017\/03\/16463440_1145993178856568_1349887357631457127_o.jpg\" target=\"_blank\"><img decoding=\"async\" loading=\"lazy\" class=\"wp-image-870 size-thumbnail alignleft\" src=\"http:\/\/poker-assassins-spandau.de\/wp-content\/uploads\/2017\/03\/16463440_1145993178856568_1349887357631457127_o-150x150.jpg\" alt=\"\" width=\"150\" height=\"150\" \/><\/a><a href=\"http:\/\/poker-assassins-spandau.de\/wp-content\/uploads\/2017\/03\/16463320_1145982985524254_4594702253031108526_o.jpg\" target=\"_blank\"><img decoding=\"async\" loading=\"lazy\" class=\"wp-image-869 size-thumbnail alignleft\" src=\"http:\/\/poker-assassins-spandau.de\/wp-content\/uploads\/2017\/03\/16463320_1145982985524254_4594702253031108526_o-150x150.jpg\" alt=\"\" width=\"150\" height=\"150\" \/><\/a><a href=\"http:\/\/poker-assassins-spandau.de\/wp-content\/uploads\/2017\/03\/16463153_1145983905524162_1548923041851888058_o.jpg\" target=\"_blank\"><img decoding=\"async\" loading=\"lazy\" class=\"wp-image-868 size-thumbnail alignleft\" src=\"http:\/\/poker-assassins-spandau.de\/wp-content\/uploads\/2017\/03\/16463153_1145983905524162_1548923041851888058_o-150x150.jpg\" alt=\"\" width=\"150\" height=\"150\" \/><\/a><a href=\"http:\/\/poker-assassins-spandau.de\/wp-content\/uploads\/2017\/03\/16463050_1145968885525664_7271751626003382398_o.jpg\" target=\"_blank\"><img decoding=\"async\" loading=\"lazy\" class=\"wp-image-867 size-thumbnail alignleft\" src=\"http:\/\/poker-assassins-spandau.de\/wp-content\/uploads\/2017\/03\/16463050_1145968885525664_7271751626003382398_o-150x150.jpg\" alt=\"\" width=\"150\" height=\"150\" \/><\/a><a href=\"http:\/\/poker-assassins-spandau.de\/wp-content\/uploads\/2017\/03\/16462912_1145968822192337_9091168120185768864_o.jpg\" target=\"_blank\"><img decoding=\"async\" loading=\"lazy\" class=\"wp-image-866 size-thumbnail alignleft\" src=\"http:\/\/poker-assassins-spandau.de\/wp-content\/uploads\/2017\/03\/16462912_1145968822192337_9091168120185768864_o-150x150.jpg\" alt=\"\" width=\"150\" height=\"150\" \/><\/a><a href=\"http:\/\/poker-assassins-spandau.de\/wp-content\/uploads\/2017\/03\/16422947_1145980685524484_7415867272504324750_o.jpg\" target=\"_blank\"><img decoding=\"async\" loading=\"lazy\" class=\"wp-image-865 size-thumbnail alignleft\" src=\"http:\/\/poker-assassins-spandau.de\/wp-content\/uploads\/2017\/03\/16422947_1145980685524484_7415867272504324750_o-150x150.jpg\" alt=\"\" width=\"150\" height=\"150\" \/><\/a><a href=\"http:\/\/poker-assassins-spandau.de\/wp-content\/uploads\/2017\/03\/16422907_1145983335524219_5697770004722460629_o.jpg\" target=\"_blank\"><img decoding=\"async\" loading=\"lazy\" class=\"wp-image-864 size-thumbnail alignleft\" src=\"http:\/\/poker-assassins-spandau.de\/wp-content\/uploads\/2017\/03\/16422907_1145983335524219_5697770004722460629_o-150x150.jpg\" alt=\"\" width=\"150\" height=\"150\" \/><\/a><a href=\"http:\/\/poker-assassins-spandau.de\/wp-content\/uploads\/2017\/03\/16422825_1145997275522825_2480359466855948551_o.jpg\" target=\"_blank\"><img decoding=\"async\" loading=\"lazy\" class=\"wp-image-863 size-thumbnail alignleft\" src=\"http:\/\/poker-assassins-spandau.de\/wp-content\/uploads\/2017\/03\/16422825_1145997275522825_2480359466855948551_o-150x150.jpg\" alt=\"\" width=\"150\" height=\"150\" \/><\/a><a href=\"http:\/\/poker-assassins-spandau.de\/wp-content\/uploads\/2017\/03\/16402885_1145985425524010_7243428399423586716_o.jpg\" target=\"_blank\"><img decoding=\"async\" loading=\"lazy\" class=\"wp-image-853 size-thumbnail alignleft\" src=\"http:\/\/poker-assassins-spandau.de\/wp-content\/uploads\/2017\/03\/16402885_1145985425524010_7243428399423586716_o-150x150.jpg\" alt=\"\" width=\"150\" height=\"150\" \/><\/a><a href=\"http:\/\/poker-assassins-spandau.de\/wp-content\/uploads\/2017\/03\/16422261_1145983745524178_5195524800549781434_o.jpg\" target=\"_blank\"><img decoding=\"async\" loading=\"lazy\" class=\"wp-image-857 size-thumbnail alignleft\" src=\"http:\/\/poker-assassins-spandau.de\/wp-content\/uploads\/2017\/03\/16422261_1145983745524178_5195524800549781434_o-150x150.jpg\" alt=\"\" width=\"150\" height=\"150\" \/><\/a><a href=\"http:\/\/poker-assassins-spandau.de\/wp-content\/uploads\/2017\/03\/16402898_1145968095525743_450670141021476686_o.jpg\" target=\"_blank\"><img decoding=\"async\" loading=\"lazy\" class=\"wp-image-854 size-thumbnail alignleft\" src=\"http:\/\/poker-assassins-spandau.de\/wp-content\/uploads\/2017\/03\/16402898_1145968095525743_450670141021476686_o-150x150.jpg\" alt=\"\" width=\"150\" height=\"150\" \/><\/a><a href=\"http:\/\/poker-assassins-spandau.de\/wp-content\/uploads\/2017\/03\/16402533_1145983122190907_3091262409927924679_o.jpg\" target=\"_blank\"><img decoding=\"async\" loading=\"lazy\" class=\"wp-image-852 size-thumbnail alignleft\" src=\"http:\/\/poker-assassins-spandau.de\/wp-content\/uploads\/2017\/03\/16402533_1145983122190907_3091262409927924679_o-150x150.jpg\" alt=\"\" width=\"150\" height=\"150\" \/><\/a><a href=\"http:\/\/poker-assassins-spandau.de\/wp-content\/uploads\/2017\/03\/16486810_1145997035522849_4703600634120696413_o.jpg\" target=\"_blank\"><img decoding=\"async\" loading=\"lazy\" class=\"wp-image-845 size-thumbnail alignleft\" src=\"http:\/\/poker-assassins-spandau.de\/wp-content\/uploads\/2017\/03\/16486810_1145997035522849_4703600634120696413_o-150x150.jpg\" alt=\"\" width=\"150\" height=\"150\" \/><\/a><a href=\"http:\/\/poker-assassins-spandau.de\/wp-content\/uploads\/2017\/03\/16402472_1145997432189476_8988139939442333564_o.jpg\" target=\"_blank\"><img decoding=\"async\" loading=\"lazy\" class=\"wp-image-851 size-thumbnail alignleft\" src=\"http:\/\/poker-assassins-spandau.de\/wp-content\/uploads\/2017\/03\/16402472_1145997432189476_8988139939442333564_o-150x150.jpg\" alt=\"\" width=\"150\" height=\"150\" \/><\/a><a href=\"http:\/\/poker-assassins-spandau.de\/wp-content\/uploads\/2017\/03\/16486851_1145969422192277_6770089316054511708_o.jpg\" target=\"_blank\"><img decoding=\"async\" loading=\"lazy\" class=\"wp-image-846 size-thumbnail alignleft\" src=\"http:\/\/poker-assassins-spandau.de\/wp-content\/uploads\/2017\/03\/16486851_1145969422192277_6770089316054511708_o-150x150.jpg\" alt=\"\" width=\"150\" height=\"150\" \/><\/a><a href=\"http:\/\/poker-assassins-spandau.de\/wp-content\/uploads\/2017\/03\/16422563_1145996258856260_4484490960223467202_o.jpg\" target=\"_blank\"><img decoding=\"async\" loading=\"lazy\" class=\"wp-image-860 size-thumbnail alignleft\" src=\"http:\/\/poker-assassins-spandau.de\/wp-content\/uploads\/2017\/03\/16422563_1145996258856260_4484490960223467202_o-150x150.jpg\" alt=\"\" width=\"150\" height=\"150\" \/><\/a><a href=\"http:\/\/poker-assassins-spandau.de\/wp-content\/uploads\/2017\/03\/16402453_1145983788857507_5598356536794765893_o.jpg\" target=\"_blank\"><img decoding=\"async\" loading=\"lazy\" class=\"wp-image-850 size-thumbnail alignleft\" src=\"http:\/\/poker-assassins-spandau.de\/wp-content\/uploads\/2017\/03\/16402453_1145983788857507_5598356536794765893_o-150x150.jpg\" alt=\"\" width=\"150\" height=\"150\" \/><\/a><a href=\"http:\/\/poker-assassins-spandau.de\/wp-content\/uploads\/2017\/03\/16422290_1145994892189730_8182635207566535508_o.jpg\" target=\"_blank\"><img decoding=\"async\" loading=\"lazy\" class=\"wp-image-859 size-thumbnail alignleft\" src=\"http:\/\/poker-assassins-spandau.de\/wp-content\/uploads\/2017\/03\/16422290_1145994892189730_8182635207566535508_o-150x150.jpg\" alt=\"\" width=\"150\" height=\"150\" \/><\/a><a href=\"http:\/\/poker-assassins-spandau.de\/wp-content\/uploads\/2017\/03\/16487211_1145979565524596_4048511295147577056_o.jpg\" target=\"_blank\"><img decoding=\"async\" loading=\"lazy\" class=\"wp-image-848 size-thumbnail alignleft\" src=\"http:\/\/poker-assassins-spandau.de\/wp-content\/uploads\/2017\/03\/16487211_1145979565524596_4048511295147577056_o-150x150.jpg\" alt=\"\" width=\"150\" height=\"150\" \/><\/a><\/p>\n<h6><\/h6>\n<h6><\/h6>\n<h6><\/h6>\n<h6><\/h6>\n<h6><\/h6>\n<h6><\/h6>\n<h6><\/h6>\n<h6><\/h6>\n<h6><\/h6>\n<h6><\/h6>\n<h6><\/h6>\n<h6><\/h6>\n<h6><\/h6>\n<h6><\/h6>\n<h6><\/h6>\n<h6>Quelle Text:(http:\/\/www.poker-verband.berlin\/2017\/02\/28\/saisonabschluss-2016-am-28-01-2017-in-der-stadtrandschaenke-spandau\/ 12:23 Uhr 12.03.2017). Erstellt: <span class=\"byline\"><span class=\"author vcard\">Uwe Vietor<\/span><\/span><span class=\"posted-on\"> <time class=\"entry-date published updated\" datetime=\"2017-02-28T14:31:31+00:00\">28. Februar 2017, Quelle Fotos:<\/time><\/span>(https:\/\/www.facebook.com\/groups\/PVB.Mitgliederforum\/Erstellt:<span class=\"fwn fcg\"><span class=\"fcg\"><span class=\"fwb\">Andreas Erichson 14:23 Uhr 12.03.2017)<\/span><\/span><\/span><\/h6>\n<h6><time class=\"entry-date published updated\" datetime=\"2017-02-28T14:31:31+00:00\"><\/time>______________________________________________________________________________________________________________________<\/h6>\n<\/div>\n<h2 style=\"text-align: center;\"><span style=\"color: #800000;\"><strong>\u00a004.12.2016 5. Berliner Pokermeisterschaft 2016 des PVB<\/strong><\/span><\/h2>\n<p><a href=\"http:\/\/poker-assassins-spandau.de\/wp-content\/uploads\/2017\/03\/20161204_201626.jpg\" target=\"_blank\"><img decoding=\"async\" loading=\"lazy\" class=\"wp-image-836 size-thumbnail alignleft\" src=\"http:\/\/poker-assassins-spandau.de\/wp-content\/uploads\/2017\/03\/20161204_201626-150x150.jpg\" alt=\"\" width=\"150\" height=\"150\" \/><\/a><a href=\"http:\/\/poker-assassins-spandau.de\/wp-content\/uploads\/2017\/03\/20161204_231950-1.jpg\" target=\"_blank\"><img decoding=\"async\" loading=\"lazy\" class=\"wp-image-831 size-thumbnail alignleft\" src=\"http:\/\/poker-assassins-spandau.de\/wp-content\/uploads\/2017\/03\/20161204_231950-1-150x150.jpg\" alt=\"\" width=\"150\" height=\"150\" \/><\/a><a href=\"http:\/\/poker-assassins-spandau.de\/wp-content\/uploads\/2017\/03\/20161205_003050.jpg\" target=\"_blank\"><img decoding=\"async\" loading=\"lazy\" class=\"wp-image-832 size-thumbnail alignleft\" src=\"http:\/\/poker-assassins-spandau.de\/wp-content\/uploads\/2017\/03\/20161205_003050-150x150.jpg\" alt=\"\" width=\"150\" height=\"150\" \/><\/a><a href=\"http:\/\/poker-assassins-spandau.de\/wp-content\/uploads\/2017\/03\/20161205_005316-3.jpg\" target=\"_blank\"><img decoding=\"async\" loading=\"lazy\" class=\"wp-image-833 size-thumbnail alignleft\" src=\"http:\/\/poker-assassins-spandau.de\/wp-content\/uploads\/2017\/03\/20161205_005316-3-150x150.jpg\" alt=\"\" width=\"150\" height=\"150\" \/><\/a><a href=\"http:\/\/poker-assassins-spandau.de\/wp-content\/uploads\/2017\/03\/20161204_161729.jpg\" target=\"_blank\"><img decoding=\"async\" loading=\"lazy\" class=\"wp-image-841 size-thumbnail alignleft\" src=\"http:\/\/poker-assassins-spandau.de\/wp-content\/uploads\/2017\/03\/20161204_161729-150x150.jpg\" alt=\"\" width=\"150\" height=\"150\" \/><\/a><\/p>\n<h6><a href=\"http:\/\/poker-assassins-spandau.de\/wp-content\/uploads\/2017\/03\/Einzelmeisterschaft.png\"><img decoding=\"async\" loading=\"lazy\" class=\"wp-image-826 aligncenter\" src=\"http:\/\/poker-assassins-spandau.de\/wp-content\/uploads\/2017\/03\/Einzelmeisterschaft.png\" alt=\"\" width=\"629\" height=\"1620\" srcset=\"http:\/\/poker-assassins-spandau.de\/wp-content\/uploads\/2017\/03\/Einzelmeisterschaft.png 826w, http:\/\/poker-assassins-spandau.de\/wp-content\/uploads\/2017\/03\/Einzelmeisterschaft-116x300.png 116w, http:\/\/poker-assassins-spandau.de\/wp-content\/uploads\/2017\/03\/Einzelmeisterschaft-768x1979.png 768w\" sizes=\"(max-width: 629px) 100vw, 629px\" \/><\/a>Quellen: ((http:\/\/www.poker-verband.berlin\/news\/bildergallerie\/nggallery\/page\/1),(http:\/\/www.poker-verband.berlin\/news\/bildergallerie\/nggallery\/page\/2),(http:\/\/www.poker-verband.berlin\/ranglisten-archiv\/ergebnisse-2016\/pokermeisterschaft-2016\/berliner-pokermeisterschaft-2016-finale\/)13:32 Uhr 12.03.2017)<\/h6>\n<p>_________________________________________________________________________<\/p>\n<h2 style=\"text-align: center;\"><strong><span style=\"color: #800000;\">07.02.2016 Poker Verband Berlin 1. Spieltag<\/span><br \/>\n<\/strong><\/h2>\n<p>Dank einer sehr guten Leistung von Niels L\u00fcbke, der den ersten Tischsieg in dieser Saison holte, sichern sich die Assassins den 2. Platz in der Teamwertung beim PVB. Durch einen vierten Platz von Jessica B\u00f6hmer und zwei f\u00fcnften Pl\u00e4tzen von Sven-Tufan Imani Zabet und Jens Dietz, sammeln die Assassins 35 Punkten und mussten sich nur dem Magic Card Team Gold geschlagen geben, welche die Tabelle mit 39 Punkten anf\u00fchren.<\/p>\n<p><a href=\"http:\/\/poker-assassins-spandau.de\/wp-content\/uploads\/2016\/02\/Niels.jpg\"><img decoding=\"async\" loading=\"lazy\" class=\"alignnone wp-image-508 \" src=\"http:\/\/poker-assassins-spandau.de\/wp-content\/uploads\/2016\/02\/Niels-165x300.jpg\" alt=\"Niels\" width=\"134\" height=\"244\" srcset=\"http:\/\/poker-assassins-spandau.de\/wp-content\/uploads\/2016\/02\/Niels-165x300.jpg 165w, http:\/\/poker-assassins-spandau.de\/wp-content\/uploads\/2016\/02\/Niels.jpg 528w\" sizes=\"(max-width: 134px) 100vw, 134px\" \/><\/a><\/p>\n<p>&nbsp;<\/p>\n<p>_________________________________________________________________________<\/p>\n<p><strong>30.01.2016 Ladies Table 2015<br \/>\n<\/strong><\/p>\n<p>Wir gratulieren Jessica B\u00f6hmer (PollyPocket) zum hervorragenden 2. Platz des Ladies Table 2015 vom Poker Verbands Berlin.<\/p>\n<p><a href=\"http:\/\/poker-assassins-spandau.de\/wp-content\/uploads\/2016\/02\/IMG_1321.jpg\"><img decoding=\"async\" loading=\"lazy\" class=\" wp-image-507 alignnone\" src=\"http:\/\/poker-assassins-spandau.de\/wp-content\/uploads\/2016\/02\/IMG_1321-225x300.jpg\" alt=\"IMG_1321\" width=\"140\" height=\"187\" \/><\/a><\/p>\n<p>_________________________________________________________________________<\/p>\n<p><strong>26.10.2014 Pocket Rockets and Friends<br \/>\n<\/strong><\/p>\n<p><a href=\"http:\/\/poker-assassins-spandau.de\/wp-content\/uploads\/2014\/10\/Rockets26-10-2014-01.jpg\" target=\"_blank\"><img decoding=\"async\" loading=\"lazy\" class=\"alignnone size-thumbnail wp-image-87\" src=\"http:\/\/poker-assassins-spandau.de\/wp-content\/uploads\/2014\/10\/Rockets26-10-2014-01-150x150.jpg\" alt=\"Rockets26-10-2014-01\" width=\"150\" height=\"150\" \/><\/a> <a href=\"http:\/\/poker-assassins-spandau.de\/wp-content\/uploads\/2014\/10\/Rockets26-10-2014-02.jpg\" target=\"_blank\"><img decoding=\"async\" loading=\"lazy\" class=\"alignnone size-thumbnail wp-image-91\" src=\"http:\/\/poker-assassins-spandau.de\/wp-content\/uploads\/2014\/10\/Rockets26-10-2014-02-150x150.jpg\" alt=\"Rockets26-10-2014-02\" width=\"150\" height=\"150\" \/><\/a> <a href=\"http:\/\/poker-assassins-spandau.de\/wp-content\/uploads\/2014\/10\/Rockets26-10-2014-03.jpg\" target=\"_blank\"><img decoding=\"async\" loading=\"lazy\" class=\"alignnone size-thumbnail wp-image-92\" src=\"http:\/\/poker-assassins-spandau.de\/wp-content\/uploads\/2014\/10\/Rockets26-10-2014-03-150x150.jpg\" alt=\"Rockets26-10-2014-03\" width=\"150\" height=\"150\" \/><\/a> <a href=\"http:\/\/poker-assassins-spandau.de\/wp-content\/uploads\/2014\/10\/Rockets26-10-2014-05.jpg\" target=\"_blank\"><img decoding=\"async\" loading=\"lazy\" class=\"alignnone size-thumbnail wp-image-93\" src=\"http:\/\/poker-assassins-spandau.de\/wp-content\/uploads\/2014\/10\/Rockets26-10-2014-05-150x150.jpg\" alt=\"Rockets26-10-2014-05\" width=\"150\" height=\"150\" \/><\/a><\/p>\n<p>Heute haben sechs Poker Assassins den Verein beim Turnier Pocket Rockets and Friends\u00a0 Erfolgreich vertreten.<br \/>\nEs haben Der Jenne, CrazyCook, Mean Mashine, Benni, DJ2Fun und Tommell teilgenommen.<br \/>\nNachdem alle Ihr bestes gegeben haben sind folgende Platzierungen erreicht worden.<\/p>\n<p>Tommell (1)<br \/>\nCrazyCook (12)<br \/>\nMean Maschine (14)<br \/>\nDJ2Fun (16)<br \/>\nDer Jenne (19)<br \/>\nBenni (26)<\/p>\n<p>Wir Gratulieren Tommell und bedanken uns, dass er unseren Verein w\u00fcrdevoll vertreten hat.<br \/>\nAlle anderen haben auch Ihr bestes gegeben und haben sicherlich was dazu gelernt. Auf jeden Fall hatten sie Spa\u00df.<\/p>\n<p>ZAAABAAAAMMM<\/p>\n<p>_________________________________________________________________________<\/p>\n<p><strong>12.10.2014 Poker Verband Berlin Vereinsliga 11. Spieltag<\/strong><\/p>\n<p><a href=\"http:\/\/poker-assassins-spandau.de\/wp-content\/uploads\/2014\/10\/PVB11-12102014-01.jpg\" target=\"_blank\"><img decoding=\"async\" loading=\"lazy\" class=\"alignnone size-thumbnail wp-image-100\" src=\"http:\/\/poker-assassins-spandau.de\/wp-content\/uploads\/2014\/10\/PVB11-12102014-01-150x150.jpg\" alt=\"PVB11-12102014-01\" width=\"150\" height=\"150\" \/><\/a> <a href=\"http:\/\/poker-assassins-spandau.de\/wp-content\/uploads\/2014\/10\/PVB11-12102014-02.jpg\" target=\"_blank\"><img decoding=\"async\" loading=\"lazy\" class=\"alignnone size-thumbnail wp-image-101\" src=\"http:\/\/poker-assassins-spandau.de\/wp-content\/uploads\/2014\/10\/PVB11-12102014-02-150x150.jpg\" alt=\"PVB11-12102014-02\" width=\"150\" height=\"150\" \/><\/a> <a href=\"http:\/\/poker-assassins-spandau.de\/wp-content\/uploads\/2014\/10\/PVB11-12102014-03.jpg\" target=\"_blank\"><img decoding=\"async\" loading=\"lazy\" class=\"alignnone size-thumbnail wp-image-102\" src=\"http:\/\/poker-assassins-spandau.de\/wp-content\/uploads\/2014\/10\/PVB11-12102014-03-150x150.jpg\" alt=\"PVB11-12102014-03\" width=\"150\" height=\"150\" \/><\/a><\/p>\n<p>Beim 11. Spieltag der Vereinsliga des Poker Verband Berlins haben uns die Assassins Mean Mashine, Tommel, Benni und DJ2Fun vertreten.<br \/>\nSie haben folgende Platzierungen erreicht:<\/p>\n<p>Tommell (1) &#8211; 15 Punkte<br \/>\nMean Mashine (1) &#8211; 15 Punkte<br \/>\nDJ2Fun (2) &#8211; 12 Punkte<br \/>\nBenni (6) &#8211; 6 Punkte<\/p>\n<p>Damit haben wir 48 Punkte Gesammelt und somit den Tagessieg gewonnen.<br \/>\nGl\u00fcckwunsch an die Spieler.<br \/>\n_________________________________________________________________________<\/p>\n<p><strong>\u00a005.10.2014 3. Berliner Pokermeisterschaft 2014 des PVB<\/strong><\/p>\n<p><a href=\"http:\/\/poker-assassins-spandau.de\/wp-content\/uploads\/2014\/10\/PVB-EM06102014-03.jpg\" target=\"_blank\"><img decoding=\"async\" loading=\"lazy\" class=\"alignnone size-thumbnail wp-image-106\" src=\"http:\/\/poker-assassins-spandau.de\/wp-content\/uploads\/2014\/10\/PVB-EM06102014-03-150x150.jpg\" alt=\"PVB-EM06102014-03\" width=\"150\" height=\"150\" \/> <\/a><a href=\"http:\/\/poker-assassins-spandau.de\/wp-content\/uploads\/2014\/10\/PVB-EM06102014-02.jpg\" target=\"_blank\"><img decoding=\"async\" loading=\"lazy\" class=\"alignnone size-thumbnail wp-image-105\" src=\"http:\/\/poker-assassins-spandau.de\/wp-content\/uploads\/2014\/10\/PVB-EM06102014-02-150x150.jpg\" alt=\"PVB-EM06102014-02\" width=\"150\" height=\"150\" \/><\/a> <a href=\"http:\/\/poker-assassins-spandau.de\/wp-content\/uploads\/2014\/10\/PVB-EM06102014-01.jpg\" target=\"_blank\"><img decoding=\"async\" loading=\"lazy\" class=\"alignnone size-thumbnail wp-image-104\" src=\"http:\/\/poker-assassins-spandau.de\/wp-content\/uploads\/2014\/10\/PVB-EM06102014-01-150x150.jpg\" alt=\"PVB-EM06102014-01\" width=\"150\" height=\"150\" \/><\/a><\/p>\n<p>Gratulation an Danny f\u00fcr den Sieg bei der 3. Berliner Pokermeisterschaft 2014 des PVB.<br \/>\nGratulation auch an Benni, der einen tollen 4. Platz erreicht hat.<\/p>\n<p>&nbsp;<\/p>\n<p>_________________________________________________________________________<\/p>\n","protected":false},"excerpt":{"rendered":"<p>_______________________________________________________________________________________ 26.02.2017 Poker Verband Berlin 1. Spieltag Liga &#8222;King&#8220; Die Poker Assassins Spandau sind heute bombenm\u00e4ssig in die Liga King gestartet . 3 Tischsiege und 3 Punkte vom Captain haben zu einem Rekordergebnis gef\u00fchrt . Danke Jungs ihr seit gro\u00dfartig. Damit verdeutlichen die Assassins wohin es in dieser Saison im Veband des PVB gehen soll, &hellip; <a href=\"http:\/\/poker-assassins-spandau.de\/?page_id=84\" class=\"more-link\"><span class=\"screen-reader-text\">Erfolge<\/span> weiterlesen <span class=\"meta-nav\">&rarr;<\/span><\/a><\/p>\n","protected":false},"author":1,"featured_media":0,"parent":0,"menu_order":0,"comment_status":"closed","ping_status":"closed","template":"full-width-page.php","meta":[],"_links":{"self":[{"href":"http:\/\/poker-assassins-spandau.de\/index.php?rest_route=\/wp\/v2\/pages\/84"}],"collection":[{"href":"http:\/\/poker-assassins-spandau.de\/index.php?rest_route=\/wp\/v2\/pages"}],"about":[{"href":"http:\/\/poker-assassins-spandau.de\/index.php?rest_route=\/wp\/v2\/types\/page"}],"author":[{"embeddable":true,"href":"http:\/\/poker-assassins-spandau.de\/index.php?rest_route=\/wp\/v2\/users\/1"}],"replies":[{"embeddable":true,"href":"http:\/\/poker-assassins-spandau.de\/index.php?rest_route=%2Fwp%2Fv2%2Fcomments&post=84"}],"version-history":[{"count":35,"href":"http:\/\/poker-assassins-spandau.de\/index.php?rest_route=\/wp\/v2\/pages\/84\/revisions"}],"predecessor-version":[{"id":885,"href":"http:\/\/poker-assassins-spandau.de\/index.php?rest_route=\/wp\/v2\/pages\/84\/revisions\/885"}],"wp:attachment":[{"href":"http:\/\/poker-assassins-spandau.de\/index.php?rest_route=%2Fwp%2Fv2%2Fmedia&parent=84"}],"curies":[{"name":"wp","href":"https:\/\/api.w.org\/{rel}","templated":true}]}}