{"id":47,"date":"2014-10-21T00:47:04","date_gmt":"2014-10-20T22:47:04","guid":{"rendered":"http:\/\/poker-assassins-spandau.de\/?page_id=47"},"modified":"2025-01-06T21:32:48","modified_gmt":"2025-01-06T19:32:48","slug":"willkommen","status":"publish","type":"page","link":"http:\/\/poker-assassins-spandau.de\/","title":{"rendered":"Willkommen Freunde des Pokersports"},"content":{"rendered":"<p style=\"text-align: center;\">\u00a0<\/p>\n<p><a href=\"http:\/\/poker-assassins-spandau.de\/wp-content\/uploads\/2021\/11\/84434620_10216938225593367_9004008227184050176_n.jpg\"><img decoding=\"async\" loading=\"lazy\" class=\"alignnone size-full wp-image-1293\" src=\"http:\/\/poker-assassins-spandau.de\/wp-content\/uploads\/2021\/11\/84434620_10216938225593367_9004008227184050176_n.jpg\" alt=\"\" width=\"960\" height=\"540\" srcset=\"http:\/\/poker-assassins-spandau.de\/wp-content\/uploads\/2021\/11\/84434620_10216938225593367_9004008227184050176_n.jpg 960w, http:\/\/poker-assassins-spandau.de\/wp-content\/uploads\/2021\/11\/84434620_10216938225593367_9004008227184050176_n-300x169.jpg 300w, http:\/\/poker-assassins-spandau.de\/wp-content\/uploads\/2021\/11\/84434620_10216938225593367_9004008227184050176_n-768x432.jpg 768w\" sizes=\"(max-width: 960px) 100vw, 960px\" \/><\/a><\/p>\n<p>Hallo Freunde des gepflegten Pokerspiels.<\/p>\n<p style=\"text-align: justify;\">Gegr\u00fcndet wurde der Pokerclub &#8222;<strong>Poker-Assassins-Spandau<\/strong>&#8220; 2006. Erste Spielst\u00e4tte damals war der G\u00e4nsemarkt in Berlin Spandau.<br \/>Aktuell bestehen die Assassins aus 32 Mitgliedern. Wir treffen uns jeden Montag um 19:00 Uhr in unserem Vereinsheim .<\/p>\n<p style=\"text-align: justify;\">Bei uns wird in mehreren Ligen gespielt, dazu geh\u00f6ren die Turnierliga, Sit\u00b4n\u00b4go Liga, WinTheButton Liga und Omaha Liga.<\/p>\n<p style=\"text-align: justify;\">Wir betreiben das Pokerspiel als Mind Game, haupts\u00e4chlich die Variante Texas Hold&#8217;em (No Limit), Omaha (Pot Limit) und lieben es uns mit anderen zu messen. Wir spielen ausschlie\u00dflich mit Punktesystem und <span style=\"text-decoration: underline;\"><strong>ohne<\/strong><\/span> Geldeinsatz (logisch!!!) Dar\u00fcber hinaus sind wir bestrebt, uns durch Theorie und Strategie weiterzubilden bzw. weiterzuentwickeln.<br \/>Pokertische, Karten und Chips sind ausreichend vorhanden, Spa\u00df und Lust auf Poker solltet Ihr mitbringen.<\/p>\n<p style=\"text-align: justify;\">Wir sind sehr an spielfreudigen neuen Mitgliedern, also neuen &#8222;Assassins&#8220; interessiert.<br \/>Wer Interesse hat, sich mit garantiert Gleichgesinnten am Pokertisch zu messen, kann gerne jeder Zeit vorbeischauen.<br \/>Solltet ihr weitere Fragen haben, beantwortet diese unser Vorstand gerne. Schreibt uns einfach eine email. Wir werden Euch schnellstm\u00f6glich Rede und Antwort stehen, oder kommt einfach an einem unserer Spieltage vorbei.<\/p>\n<p style=\"text-align: justify;\">Wir sind offizielles Gr\u00fcndungsmitglied des <a href=\"http:\/\/www.poker-verband.berlin\/\" target=\"_blank\" rel=\"noopener noreferrer\">Poker Verbands Berlin<\/a> und haben in den vergangenen Jahren erfolgreich am Spielbetrieb teilgenommen.<br \/>Auch in der Bundesweiten Headsup-Liga des &#8222;<a href=\"https:\/\/www.dpsb.org\/\" target=\"_blank\" rel=\"noopener noreferrer\">Deutschen Poker Sport Bundes (DPSB)<\/a>&#8220; sind wir dieses Jahr vertreten.<\/p>\n<p style=\"text-align: justify;\">Wir freuen uns auf Eure Anfragen und w\u00fcrden uns freuen Euch demn\u00e4chst bei uns am Pokertisch begr\u00fc\u00dfen zu d\u00fcrfen!!!<\/p>\n<p>Viele Poker Gr\u00fc\u00dfe<\/p>\n<p>Der Vorstand der &#8222;Poker Assassins Spandau&#8220;<\/p>\n<p><a href=\"http:\/\/poker-assassins-spandau.de\/wp-content\/uploads\/2021\/11\/83595169_10216938230353486_8919799805593518080_n.jpg\"><img decoding=\"async\" loading=\"lazy\" class=\"alignnone size-full wp-image-1295\" src=\"http:\/\/poker-assassins-spandau.de\/wp-content\/uploads\/2021\/11\/83595169_10216938230353486_8919799805593518080_n.jpg\" alt=\"\" width=\"720\" height=\"960\" srcset=\"http:\/\/poker-assassins-spandau.de\/wp-content\/uploads\/2021\/11\/83595169_10216938230353486_8919799805593518080_n.jpg 720w, http:\/\/poker-assassins-spandau.de\/wp-content\/uploads\/2021\/11\/83595169_10216938230353486_8919799805593518080_n-225x300.jpg 225w\" sizes=\"(max-width: 720px) 100vw, 720px\" \/><\/a><\/p>\n<p>Die Poker Assassins Spandau gratulieren allen Siegern der einzelnen Ligen und dem Gesamtsieger der Saison 2019 Sven Dannenberg. Bis zum letzten Spieltag musste er zittern und k\u00e4mpfen, konnte sich aber am Ende im erbitterten Dreikampf mit Fred Krieger und Andreas M\u00f6llers durchsetzen und sich den Gesamtsieg sichern.<\/p>\n<h3>Die Sieger der einzelnen Ligen lauten wie folgt:<\/h3>\n<p>Sit\u00b4n\u00b4go: Sven Dannenberg<\/p>\n<p>Pot Limit Omaha:Rade Vitomir<\/p>\n<p>Win the Button: Rade Vitomir<\/p>\n<p>Tournament League: Fred Krieger<\/p>\n<p>Die Pokersaison 2019 war eine spannende und gleichzeitig die erfolgreichste Saison f\u00fcr die Poker Assassins Spandau. Nach dem Aufstieg 2018, in die Liga Ace des PVB, konnten sich die Assassins 2019 die Meisterschaft sichern. Es war ein harter Kampf, um die Krone der Liga Ace. Auch dieser spannende Kampf wurde erst am letzten Spieltag entschieden. Mit gro\u00dfem Respekt bedanken sich die Poker Assassins bei den anderen Vereinen des PVB und dem Verband f\u00fcr die Saison 2019. Ab jetzt sind wir die Gejagten und stellen uns mit Freuden dieser Herausforderung.<\/p>\n<p>Weiterhin gratulieren wir <strong>Thomas &#8222;<em>Tommel<\/em>&#8220; Mellerke<\/strong> zum Sieg der Einzelwertung der Liga Ace und Danny &#8222;talking Brain&#8220; Busch zum 2. Sieg der Berliner Pokereinzelmeisterschaft. Danny Busch ist es gelungen, als Einziger, die Pokereinzelmeisterschaft des PVB ein zweites Mal zu gewinnen.<\/p>\n<p>Den Platz am PVB-ChampionsTable 2019 am 01.02.2020 erspielte sich Fred Krieger. Dieser Platz wurde unter Andreas M\u00f6llers, Fred Krieger, Rade Vitomir und Sven Dannenberg, auf Grund ihrer saisonalen Leistung und Erfolge innerhalb des Spielbedriebs auf Vereinsebene, ausgespielt. Wir dr\u00fccken im die Daumen und sind gewiss, dass er die Assassins zum Abschluss der Saison 2019, w\u00fcrdig re\u00adpr\u00e4\u00adsen\u00adtie\u00adren wird.<\/p>\n<p>Auch 2020 verst\u00e4rken sich die Poker Assassins ein weiteres Mal. Im Kreis der Assassins Familie d\u00fcrfen wir Martin &#8222;DjMartini&#8220; Damrow, Horst B\u00f6schen, Sabine &#8222;MaBaker&#8220; L\u00f6wenberger und Marek &#8222;Betman&#8220; Guttowski willkommen hei\u00dfen. Die Familie der Poker-Assassins-Spandau ist, mit aktuell 32 Mitgliedern, der gr\u00f6\u00dfte beim Berliner Poker Verband gemeldeter Verein.<\/p>\n\n\n<p><\/p>\n","protected":false},"excerpt":{"rendered":"<p>\u00a0 Hallo Freunde des gepflegten Pokerspiels. Gegr\u00fcndet wurde der Pokerclub &#8222;Poker-Assassins-Spandau&#8220; 2006. Erste Spielst\u00e4tte damals war der G\u00e4nsemarkt in Berlin Spandau.Aktuell bestehen die Assassins aus 32 Mitgliedern. Wir treffen uns jeden Montag um 19:00 Uhr in unserem Vereinsheim . Bei uns wird in mehreren Ligen gespielt, dazu geh\u00f6ren die Turnierliga, Sit\u00b4n\u00b4go Liga, WinTheButton Liga und &hellip; <a href=\"http:\/\/poker-assassins-spandau.de\/\" class=\"more-link\"><span class=\"screen-reader-text\">Willkommen Freunde des Pokersports<\/span> weiterlesen <span class=\"meta-nav\">&rarr;<\/span><\/a><\/p>\n","protected":false},"author":1,"featured_media":0,"parent":0,"menu_order":0,"comment_status":"closed","ping_status":"closed","template":"","meta":[],"_links":{"self":[{"href":"http:\/\/poker-assassins-spandau.de\/index.php?rest_route=\/wp\/v2\/pages\/47"}],"collection":[{"href":"http:\/\/poker-assassins-spandau.de\/index.php?rest_route=\/wp\/v2\/pages"}],"about":[{"href":"http:\/\/poker-assassins-spandau.de\/index.php?rest_route=\/wp\/v2\/types\/page"}],"author":[{"embeddable":true,"href":"http:\/\/poker-assassins-spandau.de\/index.php?rest_route=\/wp\/v2\/users\/1"}],"replies":[{"embeddable":true,"href":"http:\/\/poker-assassins-spandau.de\/index.php?rest_route=%2Fwp%2Fv2%2Fcomments&post=47"}],"version-history":[{"count":57,"href":"http:\/\/poker-assassins-spandau.de\/index.php?rest_route=\/wp\/v2\/pages\/47\/revisions"}],"predecessor-version":[{"id":1322,"href":"http:\/\/poker-assassins-spandau.de\/index.php?rest_route=\/wp\/v2\/pages\/47\/revisions\/1322"}],"wp:attachment":[{"href":"http:\/\/poker-assassins-spandau.de\/index.php?rest_route=%2Fwp%2Fv2%2Fmedia&parent=47"}],"curies":[{"name":"wp","href":"https:\/\/api.w.org\/{rel}","templated":true}]}}